{"id":633,"date":"2025-05-17T07:42:26","date_gmt":"2025-05-17T07:42:26","guid":{"rendered":"https:\/\/denhvidesvane.dk\/?page_id=633"},"modified":"2026-01-13T21:05:58","modified_gmt":"2026-01-13T21:05:58","slug":"rejseblog","status":"publish","type":"page","link":"https:\/\/denhvidesvane.dk\/?page_id=633","title":{"rendered":"Rejseblog"},"content":{"rendered":"\n<p>Jeg har en dybt rodf\u00e6stet k\u00e6rlighed til at rejse og opleve nye steder. Det pirrer noget helt s\u00e6rligt i mig, uanset om det er eksotiske paradis\u00f8er eller velkendte europ\u00e6iske byer. Maden, de fremmede dufte, de anderledes farver og de nye lyde v\u00e6kker mit indre rejsegen og stimulerer alle mine sanser. Faktisk startede min passion for at dele rejseoplevelser allerede, da jeg som 19-\u00e5rig backpackede rundt i Syd\u00f8stasien og oprettede min f\u00f8rste sp\u00e6de rejseblog \u2013 en fantastisk m\u00e5de at nedf\u00e6lde alle de overv\u00e6ldende indtryk p\u00e5.<\/p>\n\n\n\n<p>Med to mindre b\u00f8rn har rejserne f\u00e5et en ny rytme, men eventyrlysten er den samme. Jeg prioriterer oplevelser ude i verden h\u00f8jt, og vi rejser s\u00e5 ofte, muligheden byder sig. P\u00e5 siden her finder du alt fra lavpraktiske tips til rejser med b\u00f8rn til stemningsfulde beskrivelser og \u00e6rlige anmeldelser af vores destinationer rundt omkring i verden.<\/p>\n","protected":false},"excerpt":{"rendered":"<p>Jeg har en dybt rodf\u00e6stet k\u00e6rlighed til at rejse og opleve nye steder. Det pirrer noget helt s\u00e6rligt i mig, uanset om det er eksotiske paradis\u00f8er eller velkendte europ\u00e6iske byer. Maden, de fremmede dufte, de anderledes farver og de nye lyde v\u00e6kker mit indre rejsegen og stimulerer alle mine sanser. Faktisk startede min passion for at dele rejseoplevelser allerede, da jeg som 19-\u00e5rig backpackede rundt i Syd\u00f8stasien og oprettede min f\u00f8rste sp\u00e6de rejseblog \u2013 en fantastisk m\u00e5de at nedf\u00e6lde alle de overv\u00e6ldende indtryk p\u00e5. Med to mindre b\u00f8rn har rejserne f\u00e5et en ny rytme, men eventyrlysten er den samme. Jeg prioriterer oplevelser ude i verden h\u00f8jt, og vi rejser s\u00e5 ofte, muligheden byder sig. P\u00e5 siden her finder du alt fra lavpraktiske tips til rejser med b\u00f8rn til stemningsfulde beskrivelser og \u00e6rlige anmeldelser af vores destinationer rundt omkring i verden.<\/p>\n","protected":false},"author":1,"featured_media":0,"parent":0,"menu_order":0,"comment_status":"closed","ping_status":"closed","template":"","meta":{"footnotes":""},"class_list":["post-633","page","type-page","status-publish","hentry"],"_links":{"self":[{"href":"https:\/\/denhvidesvane.dk\/index.php?rest_route=\/wp\/v2\/pages\/633","targetHints":{"allow":["GET"]}}],"collection":[{"href":"https:\/\/denhvidesvane.dk\/index.php?rest_route=\/wp\/v2\/pages"}],"about":[{"href":"https:\/\/denhvidesvane.dk\/index.php?rest_route=\/wp\/v2\/types\/page"}],"author":[{"embeddable":true,"href":"https:\/\/denhvidesvane.dk\/index.php?rest_route=\/wp\/v2\/users\/1"}],"replies":[{"embeddable":true,"href":"https:\/\/denhvidesvane.dk\/index.php?rest_route=%2Fwp%2Fv2%2Fcomments&post=633"}],"version-history":[{"count":2,"href":"https:\/\/denhvidesvane.dk\/index.php?rest_route=\/wp\/v2\/pages\/633\/revisions"}],"predecessor-version":[{"id":790,"href":"https:\/\/denhvidesvane.dk\/index.php?rest_route=\/wp\/v2\/pages\/633\/revisions\/790"}],"wp:attachment":[{"href":"https:\/\/denhvidesvane.dk\/index.php?rest_route=%2Fwp%2Fv2%2Fmedia&parent=633"}],"curies":[{"name":"wp","href":"https:\/\/api.w.org\/{rel}","templated":true}]}}