{"id":628,"date":"2025-05-17T07:35:32","date_gmt":"2025-05-17T07:35:32","guid":{"rendered":"https:\/\/denhvidesvane.dk\/?page_id=628"},"modified":"2025-08-03T07:03:38","modified_gmt":"2025-08-03T07:03:38","slug":"skriverier","status":"publish","type":"page","link":"https:\/\/denhvidesvane.dk\/?page_id=628","title":{"rendered":"Skriverier"},"content":{"rendered":"\n<p>Jeg har altid haft en ustyrlig trang til at skrive, en konstant kl\u00f8e i fingrene for at f\u00e5 ord ned p\u00e5 papiret. Dr\u00f8mmen om at blive forfatter har fulgt mig l\u00e6nge, drevet af en dyb gl\u00e6de ved at se s\u00e6tninger tage form, ved at lege med sammenligninger og metaforer og ved at finde p\u00e5 sjove og anderledes situationer og h\u00e6ndelser. I mit hoved har der l\u00e6nge eksisteret utallige sm\u00e5 historier og hele verdener, som bare venter p\u00e5 at blive sluppet fri og f\u00e5 deres eget liv. Denne side skal v\u00e6re min legeplads, det sted hvor disse fort\u00e6llinger kan udfolde sig, min personlige skattekiste fyldt med b\u00e5de korte glimt og l\u00e6ngere eventyr.<\/p>\n\n\n\n<p><strong>Jeg skal dog understrege, at alle historierne her p\u00e5 siden er mit \u00e5ndelige ejendom og er beskyttet af mine rettigheder og copyright. Enhver form for kopiering, distribution eller anden uautoriseret brug af materialet er ikke tilladt.<\/strong><\/p>\n\n\n\n<p><\/p>\n","protected":false},"excerpt":{"rendered":"<p>Jeg har altid haft en ustyrlig trang til at skrive, en konstant kl\u00f8e i fingrene for at f\u00e5 ord ned p\u00e5 papiret. Dr\u00f8mmen om at blive forfatter har fulgt mig l\u00e6nge, drevet af en dyb gl\u00e6de ved at se s\u00e6tninger tage form, ved at lege med sammenligninger og metaforer og ved at finde p\u00e5 sjove og anderledes situationer og h\u00e6ndelser. I mit hoved har der l\u00e6nge eksisteret utallige sm\u00e5 historier og hele verdener, som bare venter p\u00e5 at blive sluppet fri og f\u00e5 deres eget liv. Denne side skal v\u00e6re min legeplads, det sted hvor disse fort\u00e6llinger kan udfolde sig, min personlige skattekiste fyldt med b\u00e5de korte glimt og l\u00e6ngere eventyr. Jeg skal dog understrege, at alle historierne her p\u00e5 siden er mit \u00e5ndelige ejendom og er beskyttet af mine rettigheder og copyright. Enhver form for kopiering, distribution eller anden uautoriseret brug af materialet er ikke tilladt.<\/p>\n","protected":false},"author":1,"featured_media":0,"parent":0,"menu_order":0,"comment_status":"closed","ping_status":"closed","template":"","meta":{"footnotes":""},"class_list":["post-628","page","type-page","status-publish","hentry"],"_links":{"self":[{"href":"https:\/\/denhvidesvane.dk\/index.php?rest_route=\/wp\/v2\/pages\/628","targetHints":{"allow":["GET"]}}],"collection":[{"href":"https:\/\/denhvidesvane.dk\/index.php?rest_route=\/wp\/v2\/pages"}],"about":[{"href":"https:\/\/denhvidesvane.dk\/index.php?rest_route=\/wp\/v2\/types\/page"}],"author":[{"embeddable":true,"href":"https:\/\/denhvidesvane.dk\/index.php?rest_route=\/wp\/v2\/users\/1"}],"replies":[{"embeddable":true,"href":"https:\/\/denhvidesvane.dk\/index.php?rest_route=%2Fwp%2Fv2%2Fcomments&post=628"}],"version-history":[{"count":2,"href":"https:\/\/denhvidesvane.dk\/index.php?rest_route=\/wp\/v2\/pages\/628\/revisions"}],"predecessor-version":[{"id":784,"href":"https:\/\/denhvidesvane.dk\/index.php?rest_route=\/wp\/v2\/pages\/628\/revisions\/784"}],"wp:attachment":[{"href":"https:\/\/denhvidesvane.dk\/index.php?rest_route=%2Fwp%2Fv2%2Fmedia&parent=628"}],"curies":[{"name":"wp","href":"https:\/\/api.w.org\/{rel}","templated":true}]}}