{"id":623,"date":"2025-05-17T07:24:25","date_gmt":"2025-05-17T07:24:25","guid":{"rendered":"https:\/\/denhvidesvane.dk\/?page_id=623"},"modified":"2025-05-17T19:20:18","modified_gmt":"2025-05-17T19:20:18","slug":"anmeldelser-og-test","status":"publish","type":"page","link":"https:\/\/denhvidesvane.dk\/?page_id=623","title":{"rendered":"Anmeldelser og test"},"content":{"rendered":"\n<p>Jeg er virkelig begejstret for at lave anmeldelser og tests af forskellige ting. For mig handler det om mere end bare at pr\u00f8ve noget nyt; det handler om at dele mine erfaringer med andre. Jeg synes, det er utroligt vigtigt, at man kan f\u00e5 et \u00e6rligt indblik i, hvad der rent faktisk virker, og m\u00e5ske endnu vigtigere, hvad man b\u00f8r styre uden om. Ved at dele mine tests og vurderinger h\u00e5ber jeg at kunne hj\u00e6lpe andre med at tr\u00e6ffe bedre beslutninger og undg\u00e5 potentielle fejlk\u00f8b eller d\u00e5rlige oplevelser.<\/p>\n\n\n\n<p><a href=\"https:\/\/denhvidesvane.dk\/?p=649\"><strong>Anmeldelse af WC-rens &#8220;Tornado&#8221; <\/strong><\/a><br>En oplevelse s\u00e5 skuffende, at jeg m\u00e5tte lave en anmeldelse. Denne WC-rens udm\u00e6rkede sig ved en fin duft og ved at v\u00e6re danskproduceret, men dette gjorde ikke op for den v\u00e6sentligste mangel af alle: Kalkfjernende effekt!<br>L\u00e6s hele anmeldelsen <a href=\"https:\/\/denhvidesvane.dk\/?p=649\">her<\/a>.<\/p>\n\n\n<div class=\"wp-block-image\">\n<figure class=\"aligncenter size-large is-resized\"><img loading=\"lazy\" decoding=\"async\" width=\"768\" height=\"1024\" src=\"https:\/\/denhvidesvane.dk\/wp-content\/uploads\/2025\/05\/IMG_20250513_195421016-768x1024.jpg\" alt=\"\" class=\"wp-image-650\" style=\"width:300px\" srcset=\"https:\/\/denhvidesvane.dk\/wp-content\/uploads\/2025\/05\/IMG_20250513_195421016-768x1024.jpg 768w, https:\/\/denhvidesvane.dk\/wp-content\/uploads\/2025\/05\/IMG_20250513_195421016-225x300.jpg 225w, https:\/\/denhvidesvane.dk\/wp-content\/uploads\/2025\/05\/IMG_20250513_195421016-1152x1536.jpg 1152w, https:\/\/denhvidesvane.dk\/wp-content\/uploads\/2025\/05\/IMG_20250513_195421016-1536x2048.jpg 1536w, https:\/\/denhvidesvane.dk\/wp-content\/uploads\/2025\/05\/IMG_20250513_195421016-1140x1520.jpg 1140w, https:\/\/denhvidesvane.dk\/wp-content\/uploads\/2025\/05\/IMG_20250513_195421016-scaled.jpg 1920w\" sizes=\"auto, (max-width: 768px) 100vw, 768px\" \/><\/figure>\n<\/div>","protected":false},"excerpt":{"rendered":"<p>Jeg er virkelig begejstret for at lave anmeldelser og tests af forskellige ting. For mig handler det om mere end bare at pr\u00f8ve noget nyt; det handler om at dele mine erfaringer med andre. Jeg synes, det er utroligt vigtigt, at man kan f\u00e5 et \u00e6rligt indblik i, hvad der rent faktisk virker, og m\u00e5ske endnu vigtigere, hvad man b\u00f8r styre uden om. Ved at dele mine tests og vurderinger h\u00e5ber jeg at kunne hj\u00e6lpe andre med at tr\u00e6ffe bedre beslutninger og undg\u00e5 potentielle fejlk\u00f8b eller d\u00e5rlige oplevelser. Anmeldelse af WC-rens &#8220;Tornado&#8221; En oplevelse s\u00e5 skuffende, at jeg m\u00e5tte lave en anmeldelse. Denne WC-rens udm\u00e6rkede sig ved en fin duft og ved at v\u00e6re danskproduceret, men dette gjorde ikke op for den v\u00e6sentligste mangel af alle: Kalkfjernende effekt!L\u00e6s hele anmeldelsen her.<\/p>\n","protected":false},"author":1,"featured_media":0,"parent":0,"menu_order":0,"comment_status":"closed","ping_status":"closed","template":"","meta":{"footnotes":""},"class_list":["post-623","page","type-page","status-publish","hentry"],"_links":{"self":[{"href":"https:\/\/denhvidesvane.dk\/index.php?rest_route=\/wp\/v2\/pages\/623","targetHints":{"allow":["GET"]}}],"collection":[{"href":"https:\/\/denhvidesvane.dk\/index.php?rest_route=\/wp\/v2\/pages"}],"about":[{"href":"https:\/\/denhvidesvane.dk\/index.php?rest_route=\/wp\/v2\/types\/page"}],"author":[{"embeddable":true,"href":"https:\/\/denhvidesvane.dk\/index.php?rest_route=\/wp\/v2\/users\/1"}],"replies":[{"embeddable":true,"href":"https:\/\/denhvidesvane.dk\/index.php?rest_route=%2Fwp%2Fv2%2Fcomments&post=623"}],"version-history":[{"count":8,"href":"https:\/\/denhvidesvane.dk\/index.php?rest_route=\/wp\/v2\/pages\/623\/revisions"}],"predecessor-version":[{"id":705,"href":"https:\/\/denhvidesvane.dk\/index.php?rest_route=\/wp\/v2\/pages\/623\/revisions\/705"}],"wp:attachment":[{"href":"https:\/\/denhvidesvane.dk\/index.php?rest_route=%2Fwp%2Fv2%2Fmedia&parent=623"}],"curies":[{"name":"wp","href":"https:\/\/api.w.org\/{rel}","templated":true}]}}