{"id":619,"date":"2025-05-17T07:21:20","date_gmt":"2025-05-17T07:21:20","guid":{"rendered":"https:\/\/denhvidesvane.dk\/?page_id=619"},"modified":"2025-05-17T07:21:20","modified_gmt":"2025-05-17T07:21:20","slug":"madopskrifter","status":"publish","type":"page","link":"https:\/\/denhvidesvane.dk\/?page_id=619","title":{"rendered":"Madopskrifter"},"content":{"rendered":"\n<p>Jeg har altid elsket at lave mad. Det har givet mig mulighed for at v\u00e6re kreativ i k\u00f8kkenet og lave l\u00e6kre retter med forskellige, gode r\u00e5varer. Det er en m\u00e5de for mig at slappe af p\u00e5 og bruge mine h\u00e6nder. Jeg nyder virkelig processen, hvor jeg kan fordybe mig i de forskellige trin og se, hvordan de simple r\u00e5varer bliver til noget fantastisk. Det er lige s\u00e5 at jeg kommer i zen, n\u00e5r jeg snitter for\u00e5rsl\u00f8g. Og det er selvf\u00f8lgelig altid sk\u00f8nt at kunne dele det f\u00e6rdige m\u00e5ltid med dem, jeg holder af! <\/p>\n\n\n\n<p><\/p>\n","protected":false},"excerpt":{"rendered":"<p>Jeg har altid elsket at lave mad. Det har givet mig mulighed for at v\u00e6re kreativ i k\u00f8kkenet og lave l\u00e6kre retter med forskellige, gode r\u00e5varer. Det er en m\u00e5de for mig at slappe af p\u00e5 og bruge mine h\u00e6nder. Jeg nyder virkelig processen, hvor jeg kan fordybe mig i de forskellige trin og se, hvordan de simple r\u00e5varer bliver til noget fantastisk. Det er lige s\u00e5 at jeg kommer i zen, n\u00e5r jeg snitter for\u00e5rsl\u00f8g. Og det er selvf\u00f8lgelig altid sk\u00f8nt at kunne dele det f\u00e6rdige m\u00e5ltid med dem, jeg holder af!<\/p>\n","protected":false},"author":1,"featured_media":0,"parent":0,"menu_order":0,"comment_status":"closed","ping_status":"closed","template":"","meta":{"footnotes":""},"class_list":["post-619","page","type-page","status-publish","hentry"],"_links":{"self":[{"href":"https:\/\/denhvidesvane.dk\/index.php?rest_route=\/wp\/v2\/pages\/619","targetHints":{"allow":["GET"]}}],"collection":[{"href":"https:\/\/denhvidesvane.dk\/index.php?rest_route=\/wp\/v2\/pages"}],"about":[{"href":"https:\/\/denhvidesvane.dk\/index.php?rest_route=\/wp\/v2\/types\/page"}],"author":[{"embeddable":true,"href":"https:\/\/denhvidesvane.dk\/index.php?rest_route=\/wp\/v2\/users\/1"}],"replies":[{"embeddable":true,"href":"https:\/\/denhvidesvane.dk\/index.php?rest_route=%2Fwp%2Fv2%2Fcomments&post=619"}],"version-history":[{"count":1,"href":"https:\/\/denhvidesvane.dk\/index.php?rest_route=\/wp\/v2\/pages\/619\/revisions"}],"predecessor-version":[{"id":620,"href":"https:\/\/denhvidesvane.dk\/index.php?rest_route=\/wp\/v2\/pages\/619\/revisions\/620"}],"wp:attachment":[{"href":"https:\/\/denhvidesvane.dk\/index.php?rest_route=%2Fwp%2Fv2%2Fmedia&parent=619"}],"curies":[{"name":"wp","href":"https:\/\/api.w.org\/{rel}","templated":true}]}}