{"id":600,"date":"2025-05-14T19:37:07","date_gmt":"2025-05-14T19:37:07","guid":{"rendered":"https:\/\/denhvidesvane.dk\/?page_id=600"},"modified":"2026-01-13T21:08:27","modified_gmt":"2026-01-13T21:08:27","slug":"opskrifter","status":"publish","type":"page","link":"https:\/\/denhvidesvane.dk\/?page_id=600","title":{"rendered":"Bageopskrifter"},"content":{"rendered":"\n<p>Jeg har altid godt kunne lide at at bage. Det har v\u00e6ret en mulighed for at v\u00e6re kreativ og skabe l\u00e6kre ting fra bunden. Det f\u00e5r mig til at koble af og bruge h\u00e6nderne. Det er en hyggelig proces, hvor jeg kan fordybe mig i de forskellige trin og se, hvordan simple ingredienser forvandles til noget fantastisk. Og s\u00e5 er det jo altid dejligt at kunne dele det f\u00e6rdige resultat med venner og familie!<\/p>\n\n\n\n<p>Med et stort kendskab til c\u00f8liaki gennem min omgangskreds har jeg siden 2018 v\u00e6ret opm\u00e6rksom p\u00e5 det glutenfrie k\u00f8kken. At bage uden gluten har \u00e5bnet op for et sp\u00e6ndende univers, hvor jeg udforsker nye ingredienser og teknikker, der adskiller sig fra almindelig bagning<\/p>\n\n\n\n<p>P\u00e5 denne side har jeg samlet mine bageopskrifter til dig.<\/p>\n\n\n\n<p><a href=\"https:\/\/denhvidesvane.dk\/?p=664\"><strong>Bageopskrift: Nemme glutenfri boller<\/strong><\/a><br>Friskbagte boller er bare det bedste! Og det beh\u00f8ver ikke at v\u00e6re kompliceret, selvom det er glutenfrit. Disse nemme boller indeholder basale glutenfri ingredienser, kan varieres og smager fortryllende. L\u00e6s hele opskriften <a href=\"https:\/\/denhvidesvane.dk\/?p=664\">her<\/a>.<\/p>\n\n\n\n<figure class=\"wp-block-gallery has-nested-images columns-default is-cropped wp-block-gallery-1 is-layout-flex wp-block-gallery-is-layout-flex\">\n<figure class=\"wp-block-image size-large\"><img loading=\"lazy\" decoding=\"async\" width=\"1920\" height=\"2560\" data-id=\"707\" src=\"https:\/\/denhvidesvane.dk\/wp-content\/uploads\/2025\/05\/IMG_20250513_163914534-1-edited-scaled.jpg\" alt=\"\" class=\"wp-image-707\" srcset=\"https:\/\/denhvidesvane.dk\/wp-content\/uploads\/2025\/05\/IMG_20250513_163914534-1-edited-scaled.jpg 1920w, https:\/\/denhvidesvane.dk\/wp-content\/uploads\/2025\/05\/IMG_20250513_163914534-1-edited-225x300.jpg 225w, https:\/\/denhvidesvane.dk\/wp-content\/uploads\/2025\/05\/IMG_20250513_163914534-1-edited-768x1024.jpg 768w, https:\/\/denhvidesvane.dk\/wp-content\/uploads\/2025\/05\/IMG_20250513_163914534-1-edited-1152x1536.jpg 1152w, https:\/\/denhvidesvane.dk\/wp-content\/uploads\/2025\/05\/IMG_20250513_163914534-1-edited-1536x2048.jpg 1536w, https:\/\/denhvidesvane.dk\/wp-content\/uploads\/2025\/05\/IMG_20250513_163914534-1-edited-1140x1520.jpg 1140w\" sizes=\"auto, (max-width: 1920px) 100vw, 1920px\" \/><\/figure>\n\n\n\n<figure class=\"wp-block-image size-large\"><img loading=\"lazy\" decoding=\"async\" width=\"1920\" height=\"2560\" data-id=\"708\" src=\"https:\/\/denhvidesvane.dk\/wp-content\/uploads\/2025\/05\/IMG_20250513_163919981-1-edited-scaled.jpg\" alt=\"\" class=\"wp-image-708\" srcset=\"https:\/\/denhvidesvane.dk\/wp-content\/uploads\/2025\/05\/IMG_20250513_163919981-1-edited-scaled.jpg 1920w, https:\/\/denhvidesvane.dk\/wp-content\/uploads\/2025\/05\/IMG_20250513_163919981-1-edited-225x300.jpg 225w, https:\/\/denhvidesvane.dk\/wp-content\/uploads\/2025\/05\/IMG_20250513_163919981-1-edited-768x1024.jpg 768w, https:\/\/denhvidesvane.dk\/wp-content\/uploads\/2025\/05\/IMG_20250513_163919981-1-edited-1152x1536.jpg 1152w, https:\/\/denhvidesvane.dk\/wp-content\/uploads\/2025\/05\/IMG_20250513_163919981-1-edited-1536x2048.jpg 1536w, https:\/\/denhvidesvane.dk\/wp-content\/uploads\/2025\/05\/IMG_20250513_163919981-1-edited-1140x1520.jpg 1140w\" sizes=\"auto, (max-width: 1920px) 100vw, 1920px\" \/><\/figure>\n<\/figure>\n\n\n\n<p><\/p>\n\n\n\n<p><a href=\"https:\/\/denhvidesvane.dk\/?p=711\"><strong>Bageopskrift: Hurtige, glutenfri og sunde bananpandekager<\/strong><\/a><br>Bananpandekager er en velkendt favorit p\u00e5 mange b\u00f8rneborde. De er b\u00e5de l\u00e6kre og praktiske, da ingredienserne ofte findes i hjemmet. Samtidig er det en smart m\u00e5de at f\u00e5 brugt de brune bananer, der m\u00e5ske er blevet glemt. Min personlige opskrift er udviklet med fokus p\u00e5 hurtighed, enkelhed og et sundt resultat, og den er altid et sikkert hit hos mine piger.<\/p>\n\n\n\n<figure class=\"wp-block-gallery has-nested-images columns-default is-cropped wp-block-gallery-2 is-layout-flex wp-block-gallery-is-layout-flex\">\n<figure class=\"wp-block-image size-large\"><img loading=\"lazy\" decoding=\"async\" width=\"768\" height=\"1024\" data-id=\"718\" src=\"https:\/\/denhvidesvane.dk\/wp-content\/uploads\/2025\/05\/IMG_20250518_081957915_HDR-768x1024.jpg\" alt=\"\" class=\"wp-image-718\" srcset=\"https:\/\/denhvidesvane.dk\/wp-content\/uploads\/2025\/05\/IMG_20250518_081957915_HDR-768x1024.jpg 768w, https:\/\/denhvidesvane.dk\/wp-content\/uploads\/2025\/05\/IMG_20250518_081957915_HDR-225x300.jpg 225w, https:\/\/denhvidesvane.dk\/wp-content\/uploads\/2025\/05\/IMG_20250518_081957915_HDR-1152x1536.jpg 1152w, https:\/\/denhvidesvane.dk\/wp-content\/uploads\/2025\/05\/IMG_20250518_081957915_HDR-1536x2048.jpg 1536w, https:\/\/denhvidesvane.dk\/wp-content\/uploads\/2025\/05\/IMG_20250518_081957915_HDR-1140x1520.jpg 1140w, https:\/\/denhvidesvane.dk\/wp-content\/uploads\/2025\/05\/IMG_20250518_081957915_HDR-scaled.jpg 1920w\" sizes=\"auto, (max-width: 768px) 100vw, 768px\" \/><\/figure>\n\n\n\n<figure class=\"wp-block-image size-large\"><img loading=\"lazy\" decoding=\"async\" width=\"768\" height=\"1024\" data-id=\"715\" src=\"https:\/\/denhvidesvane.dk\/wp-content\/uploads\/2025\/05\/IMG_20250518_080841062-768x1024.jpg\" alt=\"\" class=\"wp-image-715\" srcset=\"https:\/\/denhvidesvane.dk\/wp-content\/uploads\/2025\/05\/IMG_20250518_080841062-768x1024.jpg 768w, https:\/\/denhvidesvane.dk\/wp-content\/uploads\/2025\/05\/IMG_20250518_080841062-225x300.jpg 225w, https:\/\/denhvidesvane.dk\/wp-content\/uploads\/2025\/05\/IMG_20250518_080841062-1152x1536.jpg 1152w, https:\/\/denhvidesvane.dk\/wp-content\/uploads\/2025\/05\/IMG_20250518_080841062-1536x2048.jpg 1536w, https:\/\/denhvidesvane.dk\/wp-content\/uploads\/2025\/05\/IMG_20250518_080841062-1140x1520.jpg 1140w, https:\/\/denhvidesvane.dk\/wp-content\/uploads\/2025\/05\/IMG_20250518_080841062-scaled.jpg 1920w\" sizes=\"auto, (max-width: 768px) 100vw, 768px\" \/><\/figure>\n<\/figure>\n","protected":false},"excerpt":{"rendered":"<p>Jeg har altid godt kunne lide at at bage. Det har v\u00e6ret en mulighed for at v\u00e6re kreativ og skabe l\u00e6kre ting fra bunden. Det f\u00e5r mig til at koble af og bruge h\u00e6nderne. Det er en hyggelig proces, hvor jeg kan fordybe mig i de forskellige trin og se, hvordan simple ingredienser forvandles til noget fantastisk. Og s\u00e5 er det jo altid dejligt at kunne dele det f\u00e6rdige resultat med venner og familie! Med et stort kendskab til c\u00f8liaki gennem min omgangskreds har jeg siden 2018 v\u00e6ret opm\u00e6rksom p\u00e5 det glutenfrie k\u00f8kken. At bage uden gluten har \u00e5bnet op for et sp\u00e6ndende univers, hvor jeg udforsker nye ingredienser og teknikker, der adskiller sig fra almindelig bagning P\u00e5 denne side har jeg samlet mine bageopskrifter til dig. Bageopskrift: Nemme glutenfri bollerFriskbagte boller er bare det bedste! Og det beh\u00f8ver ikke at v\u00e6re kompliceret, selvom det er glutenfrit. Disse nemme boller indeholder basale glutenfri ingredienser, kan varieres og smager fortryllende. L\u00e6s hele opskriften her. Bageopskrift: Hurtige, glutenfri og sunde bananpandekagerBananpandekager er en velkendt favorit p\u00e5 mange b\u00f8rneborde. De er b\u00e5de l\u00e6kre og praktiske, da ingredienserne ofte findes i hjemmet. Samtidig er det en smart m\u00e5de at f\u00e5 brugt de brune bananer, der m\u00e5ske er blevet glemt. Min personlige opskrift er udviklet med fokus p\u00e5 hurtighed, enkelhed og et sundt resultat, og den er altid et sikkert hit hos mine piger.<\/p>\n","protected":false},"author":1,"featured_media":0,"parent":0,"menu_order":0,"comment_status":"closed","ping_status":"closed","template":"","meta":{"footnotes":""},"class_list":["post-600","page","type-page","status-publish","hentry"],"_links":{"self":[{"href":"https:\/\/denhvidesvane.dk\/index.php?rest_route=\/wp\/v2\/pages\/600","targetHints":{"allow":["GET"]}}],"collection":[{"href":"https:\/\/denhvidesvane.dk\/index.php?rest_route=\/wp\/v2\/pages"}],"about":[{"href":"https:\/\/denhvidesvane.dk\/index.php?rest_route=\/wp\/v2\/types\/page"}],"author":[{"embeddable":true,"href":"https:\/\/denhvidesvane.dk\/index.php?rest_route=\/wp\/v2\/users\/1"}],"replies":[{"embeddable":true,"href":"https:\/\/denhvidesvane.dk\/index.php?rest_route=%2Fwp%2Fv2%2Fcomments&post=600"}],"version-history":[{"count":7,"href":"https:\/\/denhvidesvane.dk\/index.php?rest_route=\/wp\/v2\/pages\/600\/revisions"}],"predecessor-version":[{"id":793,"href":"https:\/\/denhvidesvane.dk\/index.php?rest_route=\/wp\/v2\/pages\/600\/revisions\/793"}],"wp:attachment":[{"href":"https:\/\/denhvidesvane.dk\/index.php?rest_route=%2Fwp%2Fv2%2Fmedia&parent=600"}],"curies":[{"name":"wp","href":"https:\/\/api.w.org\/{rel}","templated":true}]}}